{"id":1572,"date":"2025-06-12T15:14:21","date_gmt":"2025-06-12T13:14:21","guid":{"rendered":"https:\/\/cobracontrol.hu\/?page_id=1572"},"modified":"2025-06-12T15:29:17","modified_gmt":"2025-06-12T13:29:17","slug":"ginop_plusz-2-1-3-24-2024-00396","status":"publish","type":"page","link":"https:\/\/cobracontrol.hu\/en\/ginop_plusz-2-1-3-24-2024-00396\/","title":{"rendered":"GINOP_PLUSZ-2.1.3-24-2024-00396"},"content":{"rendered":"\n<figure class=\"wp-block-image size-large is-resized\"><img decoding=\"async\" loading=\"lazy\" src=\"https:\/\/cobracontrol.hu\/wp-content\/uploads\/thumbnail_kedvezmenyezetti-infoblokk-keretes-1024x306.jpg\" alt=\"\" class=\"wp-image-1581\" width=\"512\" height=\"153\" srcset=\"https:\/\/cobracontrol.hu\/wp-content\/uploads\/thumbnail_kedvezmenyezetti-infoblokk-keretes-1024x306.jpg 1024w, https:\/\/cobracontrol.hu\/wp-content\/uploads\/thumbnail_kedvezmenyezetti-infoblokk-keretes-300x90.jpg 300w, https:\/\/cobracontrol.hu\/wp-content\/uploads\/thumbnail_kedvezmenyezetti-infoblokk-keretes-768x230.jpg 768w, https:\/\/cobracontrol.hu\/wp-content\/uploads\/thumbnail_kedvezmenyezetti-infoblokk-keretes.jpg 1504w\" sizes=\"(max-width: 512px) 100vw, 512px\" \/><\/figure>\n\n\n\n<h2 class=\"has-text-align-center\"><strong>Sajt\u00f3k\u00f6zlem\u00e9ny<\/strong><\/h2>\n\n\n\n<p class=\"has-text-align-center\">Innov\u00e1ci\u00f3s folyamatait fejleszti a Cobra Control Kft.<\/p>\n\n\n\n<p class=\"has-text-align-center\">2025\/05\/01<\/p>\n\n\n\n<p>A Cobra Control Kft. sikeresen p\u00e1ly\u00e1zott a Gazdas\u00e1gfejleszt\u00e9si \u00e9s Innov\u00e1ci\u00f3s Operat\u00edv Program Plusz (GINOP Plusz-2.1.3-24 A KKV-k innov\u00e1ci\u00f3s k\u00e9pess\u00e9g\u00e9nek t\u00e1mogat\u00e1sa) keret\u00e9ben, amelynek r\u00e9v\u00e9n 21,44 milli\u00f3 forint vissza nem t\u00e9r\u00edtend\u0151 eur\u00f3pai uni\u00f3s t\u00e1mogat\u00e1st nyert el. A projekt c\u00e9lja a v\u00e1llalat termel\u00e9si \u00e9s szervezetfejleszt\u00e9si innov\u00e1ci\u00f3ja, amely el\u0151seg\u00edti a hat\u00e9konys\u00e1g n\u00f6vel\u00e9s\u00e9t \u00e9s a versenyk\u00e9pess\u00e9g jav\u00edt\u00e1s\u00e1t. A projekt azonos\u00edt\u00f3 sz\u00e1ma: GINOP_PLUSZ-2.1.3-24-2024-00396.<\/p>\n\n\n\n<p>Jelent\u0151s innov\u00e1ci\u00f3s fejleszt\u00e9sbe kezdett a Cobra Control Kft., amely eur\u00f3pai unios t\u00e1mogat\u00e1s seg\u00edts\u00e9g\u00e9vel val\u00f3sul meg.<\/p>\n\n\n\n<p>A Cobra Control 1993 \u00f3ta sz\u00e1ll\u00edt tesztrendszereket, m\u00e9r\u00e9stechnikai \u00e9s automatiz\u00e1l\u00e1si megold\u00e1sokat partnereinek. Legfontosabb piacuk az aut\u00f3ipar, emellett \u00e1lland\u00f3 megrendel\u0151ik az elektronikai \u00e9s a mechatronikai ipar szerepl\u0151i is. A GINOP Plusz-2.1.3-24 A KKV-k innov\u00e1ci\u00f3s k\u00e9pess\u00e9g\u00e9nek t\u00e1mogat\u00e1sa felh\u00edv\u00e1s keret\u00e9ben a v\u00e1llalkoz\u00e1s termel\u00e9si innov\u00e1ci\u00f3t \u00e9s szervezetfejleszt\u00e9st val\u00f3s\u00edt meg.<\/p>\n\n\n\n<p>A projekt sor\u00e1n a budapesti sz\u00e9khely\u0171 c\u00e9g bevezet egy \u00faj adatkezel\u00e9si rendszert, amely c\u00e9lja a v\u00e1llalat m\u00e9rn\u00f6ki \u00e9s gy\u00e1rt\u00e1si folyamatai \u00e1tl\u00e1that\u00f3s\u00e1g\u00e1nak, strukt\u00far\u00e1j\u00e1nak \u00e9s automatiz\u00e1lts\u00e1g\u00e1nak n\u00f6vel\u00e9se. A fejleszt\u00e9s sor\u00e1n a v\u00e1ltoz\u00e1skezel\u00e9si (ECO) folyamatokat k\u00f6zpontos\u00edtj\u00e1k \u00e9s automatiz\u00e1lj\u00e1k, ez\u00e1ltal lehet\u0151v\u00e9 v\u00e1lik a v\u00e1ltoztat\u00e1si ig\u00e9nyek egys\u00e9ges nyilv\u00e1ntart\u00e1sa \u00e9s azok \u00e1llapot\u00e1nak val\u00f3s idej\u0171 nyomon k\u00f6vet\u00e9se.<\/p>\n\n\n\n<p>A szervezeti innov\u00e1ci\u00f3s tan\u00e1csad\u00e1s sor\u00e1n tr\u00e9ning keret\u00e9ben kap alapismereteket a szervezet projektmenedzsment, folyamatmenedzsment, valamint v\u00e1ltoz\u00e1smenedzsment t\u00e9m\u00e1kban. Ezzel az ismerettel kialak\u00edthat\u00f3 mindh\u00e1rom ter\u00fclet m\u00f3dszertana, szervezetre szabott egys\u00e9ges dokument\u00e1ci\u00f3ja.<\/p>\n\n\n\n<p>A Sz\u00e9chenyi Terv Plusz program keret\u00e9ben megval\u00f3sul\u00f3 projekt 2025. m\u00e1jus 1-\u00e9n indul \u00e9s v\u00e1rhat\u00f3an 2026. \u00e1prilis 30-ig fejez\u0151dik be. Az innov\u00e1ci\u00f3k r\u00e9v\u00e9n a Cobra Control Kft. hossz\u00fa t\u00e1von n\u00f6velheti termel\u00e9kenys\u00e9g\u00e9t \u00e9s er\u0151s\u00edtheti piaci versenyel\u0151ny\u00e9t.<\/p>\n\n\n\n<p> <\/p>\n\n\n\n<p><strong>Tov\u00e1bbi inform\u00e1ci\u00f3 k\u00e9rhet\u0151:<\/strong><\/p>\n\n\n\n<p>Mez\u0151si Gy\u00f6rgy, \u00fcgyvezet\u0151 igazgat\u00f3<\/p>\n\n\n\n<p>+36 1&nbsp;432 0270, cobra@cobracontrol.hu<\/p>\n","protected":false},"excerpt":{"rendered":"<p>Sajt\u00f3k\u00f6zlem\u00e9ny Innov\u00e1ci\u00f3s folyamatait fejleszti a Cobra Control Kft. 2025\/05\/01 A Cobra Control Kft. sikeresen p\u00e1ly\u00e1zott a Gazdas\u00e1gfejleszt\u00e9si \u00e9s Innov\u00e1ci\u00f3s Operat\u00edv Program Plusz (GINOP Plusz-2.1.3-24 A KKV-k innov\u00e1ci\u00f3s k\u00e9pess\u00e9g\u00e9nek t\u00e1mogat\u00e1sa) keret\u00e9ben, amelynek r\u00e9v\u00e9n 21,44 milli\u00f3 forint vissza nem t\u00e9r\u00edtend\u0151 eur\u00f3pai uni\u00f3s t\u00e1mogat\u00e1st nyert el. A projekt c\u00e9lja a v\u00e1llalat termel\u00e9si \u00e9s szervezetfejleszt\u00e9si innov\u00e1ci\u00f3ja, amely el\u0151seg\u00edti a [&hellip;]<\/p>\n","protected":false},"author":4,"featured_media":0,"parent":0,"menu_order":0,"comment_status":"closed","ping_status":"closed","template":"","meta":[],"_links":{"self":[{"href":"https:\/\/cobracontrol.hu\/en\/wp-json\/wp\/v2\/pages\/1572"}],"collection":[{"href":"https:\/\/cobracontrol.hu\/en\/wp-json\/wp\/v2\/pages"}],"about":[{"href":"https:\/\/cobracontrol.hu\/en\/wp-json\/wp\/v2\/types\/page"}],"author":[{"embeddable":true,"href":"https:\/\/cobracontrol.hu\/en\/wp-json\/wp\/v2\/users\/4"}],"replies":[{"embeddable":true,"href":"https:\/\/cobracontrol.hu\/en\/wp-json\/wp\/v2\/comments?post=1572"}],"version-history":[{"count":8,"href":"https:\/\/cobracontrol.hu\/en\/wp-json\/wp\/v2\/pages\/1572\/revisions"}],"predecessor-version":[{"id":1590,"href":"https:\/\/cobracontrol.hu\/en\/wp-json\/wp\/v2\/pages\/1572\/revisions\/1590"}],"wp:attachment":[{"href":"https:\/\/cobracontrol.hu\/en\/wp-json\/wp\/v2\/media?parent=1572"}],"curies":[{"name":"wp","href":"https:\/\/api.w.org\/{rel}","templated":true}]}}